{"id":371,"date":"2019-02-19T19:02:57","date_gmt":"2019-02-19T19:02:57","guid":{"rendered":"http:\/\/greendoors.cl\/?post_type=product&#038;p=371"},"modified":"2026-04-22T18:09:11","modified_gmt":"2026-04-22T18:09:11","slug":"puerta-oregon-200","status":"publish","type":"product","link":"https:\/\/greendoors.cl\/index.php\/product\/puerta-oregon-200\/","title":{"rendered":"Puerta Oregon Lipinza"},"content":{"rendered":"<p>Caracter\u00edsticas T\u00e9cnicas: Madera Oreg\u00f3n Solido.<br \/>\nProducto Seco y Cepillado.<br \/>\nProteger Bajo Alero No Menor de 90 cm.<br \/>\nSelle por Todas Partes justo despu\u00e9s de Remover el Envoltorio.<br \/>\nUso: Especial Para Accesos de Interior \/ Exterior.<br \/>\nOrigen: Oreg\u00f3n.<\/p>\n<p>Consulte por medidas especiales.<\/p>\n","protected":false},"excerpt":{"rendered":"<table style=\"height: 240px;\" width=\"230\">\n<tbody>\n<tr>\n<td width=\"80\">Alto<\/td>\n<td width=\"72\">Ancho<\/td>\n<td width=\"80\">Espesor<\/td>\n<\/tr>\n<tr>\n<td>200<\/td>\n<td>60<\/td>\n<td>45 mm<\/td>\n<\/tr>\n<tr>\n<td>200<\/td>\n<td>65<\/td>\n<td>45 mm<\/td>\n<\/tr>\n<tr>\n<td>200<\/td>\n<td>70<\/td>\n<td>45 mm<\/td>\n<\/tr>\n<tr>\n<td>200<\/td>\n<td>75<\/td>\n<td>45 mm<\/td>\n<\/tr>\n<tr>\n<td>200<\/td>\n<td>80<\/td>\n<td>45 mm<\/td>\n<\/tr>\n<tr>\n<td>200<\/td>\n<td>85<\/td>\n<td>45 mm<\/td>\n<\/tr>\n<tr>\n<td>200<\/td>\n<td>90<\/td>\n<td>45 mm<\/td>\n<\/tr>\n<\/tbody>\n<\/table>\n","protected":false},"featured_media":508,"comment_status":"closed","ping_status":"closed","template":"","meta":[],"product_brand":[],"product_cat":[11,7],"product_tag":[],"class_list":{"0":"post-371","1":"product","2":"type-product","3":"status-publish","4":"has-post-thumbnail","6":"product_cat-puertas","7":"product_cat-oregon","9":"first","10":"instock","11":"shipping-taxable","12":"product-type-simple"},"_links":{"self":[{"href":"https:\/\/greendoors.cl\/index.php\/wp-json\/wp\/v2\/product\/371","targetHints":{"allow":["GET"]}}],"collection":[{"href":"https:\/\/greendoors.cl\/index.php\/wp-json\/wp\/v2\/product"}],"about":[{"href":"https:\/\/greendoors.cl\/index.php\/wp-json\/wp\/v2\/types\/product"}],"replies":[{"embeddable":true,"href":"https:\/\/greendoors.cl\/index.php\/wp-json\/wp\/v2\/comments?post=371"}],"wp:featuredmedia":[{"embeddable":true,"href":"https:\/\/greendoors.cl\/index.php\/wp-json\/wp\/v2\/media\/508"}],"wp:attachment":[{"href":"https:\/\/greendoors.cl\/index.php\/wp-json\/wp\/v2\/media?parent=371"}],"wp:term":[{"taxonomy":"product_brand","embeddable":true,"href":"https:\/\/greendoors.cl\/index.php\/wp-json\/wp\/v2\/product_brand?post=371"},{"taxonomy":"product_cat","embeddable":true,"href":"https:\/\/greendoors.cl\/index.php\/wp-json\/wp\/v2\/product_cat?post=371"},{"taxonomy":"product_tag","embeddable":true,"href":"https:\/\/greendoors.cl\/index.php\/wp-json\/wp\/v2\/product_tag?post=371"}],"curies":[{"name":"wp","href":"https:\/\/api.w.org\/{rel}","templated":true}]}}