{"id":204,"date":"2016-07-28T16:46:17","date_gmt":"2016-07-28T16:46:17","guid":{"rendered":"http:\/\/greendoors.cl\/?post_type=product&#038;p=204"},"modified":"2023-05-30T21:09:56","modified_gmt":"2023-05-30T21:09:56","slug":"alcala","status":"publish","type":"product","link":"https:\/\/greendoors.cl\/index.php\/product\/alcala\/","title":{"rendered":"Puerta Oregon Huellahue II"},"content":{"rendered":"<p>Caracter\u00edsticas T\u00e9cnicas: Madera Oreg\u00f3n Solido.<br \/>\nProducto Seco y Cepillado.<br \/>\nProteger Bajo Alero No Menor de 90 cm.<br \/>\nSelle por Todas Partes justo despu\u00e9s de Remover el Envoltorio.<br \/>\nUso: Especial Para Accesos de Interior \/ Exterior.<br \/>\nOrigen: Oreg\u00f3n.<\/p>\n<p>Consulte por medidas especiales.<\/p>\n","protected":false},"excerpt":{"rendered":"<table width=\"232\">\n<tbody>\n<tr>\n<td width=\"80\">Alto<\/td>\n<td width=\"72\">Ancho<\/td>\n<td width=\"80\">Espesor<\/td>\n<\/tr>\n<tr>\n<td>200<\/td>\n<td>60<\/td>\n<td>45 mm<\/td>\n<\/tr>\n<tr>\n<td>200<\/td>\n<td>65<\/td>\n<td>45 mm<\/td>\n<\/tr>\n<tr>\n<td>200<\/td>\n<td>70<\/td>\n<td>45 mm<\/td>\n<\/tr>\n<tr>\n<td>200<\/td>\n<td>75<\/td>\n<td>45 mm<\/td>\n<\/tr>\n<tr>\n<td>200<\/td>\n<td>80<\/td>\n<td>45 mm<\/td>\n<\/tr>\n<tr>\n<td>200<\/td>\n<td>85<\/td>\n<td>45 mm<\/td>\n<\/tr>\n<tr>\n<td>200<\/td>\n<td>90<\/td>\n<td>45 mm<\/td>\n<\/tr>\n<\/tbody>\n<\/table>\n","protected":false},"featured_media":303,"comment_status":"closed","ping_status":"closed","template":"","meta":[],"product_brand":[],"product_cat":[11,7],"product_tag":[],"class_list":{"0":"post-204","1":"product","2":"type-product","3":"status-publish","4":"has-post-thumbnail","6":"product_cat-puertas","7":"product_cat-oregon","9":"first","10":"instock","11":"shipping-taxable","12":"product-type-simple"},"_links":{"self":[{"href":"https:\/\/greendoors.cl\/index.php\/wp-json\/wp\/v2\/product\/204","targetHints":{"allow":["GET"]}}],"collection":[{"href":"https:\/\/greendoors.cl\/index.php\/wp-json\/wp\/v2\/product"}],"about":[{"href":"https:\/\/greendoors.cl\/index.php\/wp-json\/wp\/v2\/types\/product"}],"replies":[{"embeddable":true,"href":"https:\/\/greendoors.cl\/index.php\/wp-json\/wp\/v2\/comments?post=204"}],"wp:featuredmedia":[{"embeddable":true,"href":"https:\/\/greendoors.cl\/index.php\/wp-json\/wp\/v2\/media\/303"}],"wp:attachment":[{"href":"https:\/\/greendoors.cl\/index.php\/wp-json\/wp\/v2\/media?parent=204"}],"wp:term":[{"taxonomy":"product_brand","embeddable":true,"href":"https:\/\/greendoors.cl\/index.php\/wp-json\/wp\/v2\/product_brand?post=204"},{"taxonomy":"product_cat","embeddable":true,"href":"https:\/\/greendoors.cl\/index.php\/wp-json\/wp\/v2\/product_cat?post=204"},{"taxonomy":"product_tag","embeddable":true,"href":"https:\/\/greendoors.cl\/index.php\/wp-json\/wp\/v2\/product_tag?post=204"}],"curies":[{"name":"wp","href":"https:\/\/api.w.org\/{rel}","templated":true}]}}