{"id":792,"date":"2026-05-08T18:40:43","date_gmt":"2026-05-08T18:40:43","guid":{"rendered":"https:\/\/greendoors.cl\/?page_id=792"},"modified":"2026-05-08T20:12:23","modified_gmt":"2026-05-08T20:12:23","slug":"bases-concurso-greendoors-poli","status":"publish","type":"page","link":"https:\/\/greendoors.cl\/index.php\/bases-concurso-greendoors-poli\/","title":{"rendered":"Bases concurso Greendoors\/Poli"},"content":{"rendered":"\n<p><em>\u201cCompra y gana una cerradura digital m\u00e1s su instalaci\u00f3n\u201d<\/em><\/p>\n\n\n\n<ol class=\"wp-block-list\">\n<li>Organizaci\u00f3n\u00a0<\/li>\n<\/ol>\n\n\n\n<p>El presente concurso es organizado por Industrial y Comercial Greendoors Limitada en conjunto con la marca de cerraduras Assa Abloy.&nbsp;<\/p>\n\n\n\n<ol start=\"2\" class=\"wp-block-list\">\n<li>Vigencia\u00a0<\/li>\n<\/ol>\n\n\n\n<p>El concurso tendr\u00e1 vigencia desde el d\u00eda 7 de mayo del 2026 hasta el d\u00eda 9 de julio del 2026, dando por finalizada la oportunidad de participar para realizar el sorteo del ganador el d\u00eda 10 de julio del presente a\u00f1o.&nbsp;<\/p>\n\n\n\n<ol start=\"3\" class=\"wp-block-list\">\n<li>Participantes<\/li>\n<\/ol>\n\n\n\n<p>Podr\u00e1n participar todas las personas naturales mayores de 18 a\u00f1os que realicen compras presenciales en el local Greendoors, ubicado en la calle Balmaceda 1164, ciudad de Temuco.&nbsp;<\/p>\n\n\n\n<ol start=\"4\" class=\"wp-block-list\">\n<li>Mec\u00e1nica del concurso\u00a0<\/li>\n<\/ol>\n\n\n\n<ol class=\"wp-block-list\">\n<li>Por cada compra igual o superior a $50.000 CLP, el cliente obtendr\u00e1 1 cup\u00f3n en el cual deber\u00e1 ingresar el n\u00famero de su boleta o factura, su nombre y un tel\u00e9fono de contacto.\u00a0<\/li>\n\n\n\n<li>Las compras deben realizarse dentro del periodo de vigencia del concurso (07\/05\/2026-09\/07\/2026.<\/li>\n<\/ol>\n\n\n\n<ol start=\"5\" class=\"wp-block-list\">\n<li>Premio\u00a0<\/li>\n<\/ol>\n\n\n\n<p>El premio consiste en:&nbsp;<\/p>\n\n\n\n<ol class=\"wp-block-list\">\n<li>1 Cerradura Digital YSD100 Smart acabado en negro, marca Yale.\u00a0<\/li>\n<\/ol>\n\n\n\n<ol start=\"6\" class=\"wp-block-list\">\n<li>Sorteo\u00a0<\/li>\n<\/ol>\n\n\n\n<p>El sorteo se realizar\u00e1 el d\u00eda 10 de Julio del 2026 mediante una t\u00f3mbola digital durante un en vivo en la plataforma Instagram para el respaldo del ganador.&nbsp;<\/p>\n\n\n\n<ol start=\"7\" class=\"wp-block-list\">\n<li>Notificaci\u00f3n del ganador<\/li>\n<\/ol>\n\n\n\n<p>Durante la transmisi\u00f3n en vivo se realizar\u00e1 una llamada telef\u00f3nica con el ganador del sorteo para darle a conocer el resultado del sorteo.&nbsp;<\/p>\n\n\n\n<ol start=\"8\" class=\"wp-block-list\">\n<li>Condiciones del premio\u00a0<\/li>\n<\/ol>\n\n\n\n<ol class=\"wp-block-list\">\n<li>El premio no es canjeable por dinero.\u00a0<\/li>\n<\/ol>\n\n\n\n<ol start=\"9\" class=\"wp-block-list\">\n<li>Facultades del organizador\u00a0<\/li>\n<\/ol>\n\n\n\n<p>El organizador se reserva el derecho de ampliar o modificar el Concurso total o parcialmente, o extenderla en el tiempo, modificar las presentes bases incrementando la cantidad de premios a otorgar. Las modificaciones o ampliaciones ser\u00e1n utilizadas para difundir las bases originarias y no generar\u00e1n responsabilidad alguna por parte del Organizador. Las presentes bases podr\u00e1n ser consultadas y obtenidas en <a href=\"http:\/\/www.greendoors.cl\">www.greendoors.cl<\/a><\/p>\n\n\n\n<p>El organizador entregar\u00e1 el premio a cada ganador respectivo seg\u00fan lo descrito precedentemente. Respecto de aquel premio que no resulte ser adjudicado a un ganador o no cobrado por este, los mismos quedar\u00e1n a favor del organizador.&nbsp;<\/p>\n\n\n\n<p>Una vez entregado el premio el organizador queda liberado de toda responsabilidad respecto del mismo.&nbsp;<\/p>\n\n\n\n<ol start=\"10\" class=\"wp-block-list\">\n<li>Datos personales<\/li>\n<\/ol>\n\n\n\n<p>Los participantes autorizan desde ya, y por la mera participaci\u00f3n en el concurso, a que el organizador utilice los datos personales obtenidos a trav\u00e9s del desarrollo del concurso, sin derecho a indemnizaci\u00f3n o compensaci\u00f3n alguna.&nbsp;<\/p>\n\n\n\n<p>Asimismo, el organizador no ser\u00e1 responsable por la eventual difusi\u00f3n de datos personales del ganador que efect\u00faen personas ajenas a la compa\u00f1\u00eda, ni ser\u00e1 responsable por los eventuales da\u00f1os y perjuicios que tal circunstancia genere al ganador y su respectivo acompa\u00f1ante.&nbsp;<\/p>\n\n\n\n<ol start=\"11\" class=\"wp-block-list\">\n<li>Interpretaci\u00f3n\u00a0<\/li>\n<\/ol>\n\n\n\n<p>El organizador determinar\u00e1 el criterio a aplicar en cualquier situaci\u00f3n no prevista en las presentes bases, siendo la \u00fanica autoridad interpretativa de las mismas, reserv\u00e1ndose el derecho a efectuar cualquier modificaci\u00f3n respecto de aquellas, siempre y cuando, no altere la esencia del concurso y no contradiga la normativa vigente.&nbsp;<\/p>\n\n\n\n<ol start=\"12\" class=\"wp-block-list\">\n<li>Jurisdicci\u00f3n<\/li>\n<\/ol>\n\n\n\n<p>Toda relaci\u00f3n que en virtud de este concurso se genere entre el participante y el organizador ser\u00e1 regida y concertada en total sujeci\u00f3n a las leyes de la rep\u00fablica de Chile, renunciando el participante a cualquier otra ley a cuya aplicaci\u00f3n pudiere tener derecho. Asimismo, resultan competentes para dirimir cualquier controversia o procedimiento legal que surja entre el organizador y el participante los tribunales que establezca la Ley. La mera participaci\u00f3n del concurso implica la total e irrestricta aceptaci\u00f3n y conocimiento de estas bases, as\u00ed como de las decisiones que posteriormente pueda adoptar el organizador de conformidad al punto 9 de las bases.&nbsp;<\/p>\n","protected":false},"excerpt":{"rendered":"<p>\u201cCompra y gana una cerradura digital m\u00e1s su instalaci\u00f3n\u201d El presente concurso es organizado por Industrial y Comercial Greendoors Limitada en conjunto con la marca de cerraduras Assa Abloy.&nbsp; El concurso tendr\u00e1 vigencia desde el d\u00eda 7 de mayo del<\/p>\n","protected":false},"author":1,"featured_media":790,"parent":0,"menu_order":0,"comment_status":"closed","ping_status":"closed","template":"","meta":{"footnotes":""},"class_list":["post-792","page","type-page","status-publish","has-post-thumbnail","hentry"],"_links":{"self":[{"href":"https:\/\/greendoors.cl\/index.php\/wp-json\/wp\/v2\/pages\/792","targetHints":{"allow":["GET"]}}],"collection":[{"href":"https:\/\/greendoors.cl\/index.php\/wp-json\/wp\/v2\/pages"}],"about":[{"href":"https:\/\/greendoors.cl\/index.php\/wp-json\/wp\/v2\/types\/page"}],"author":[{"embeddable":true,"href":"https:\/\/greendoors.cl\/index.php\/wp-json\/wp\/v2\/users\/1"}],"replies":[{"embeddable":true,"href":"https:\/\/greendoors.cl\/index.php\/wp-json\/wp\/v2\/comments?post=792"}],"version-history":[{"count":2,"href":"https:\/\/greendoors.cl\/index.php\/wp-json\/wp\/v2\/pages\/792\/revisions"}],"predecessor-version":[{"id":795,"href":"https:\/\/greendoors.cl\/index.php\/wp-json\/wp\/v2\/pages\/792\/revisions\/795"}],"wp:featuredmedia":[{"embeddable":true,"href":"https:\/\/greendoors.cl\/index.php\/wp-json\/wp\/v2\/media\/790"}],"wp:attachment":[{"href":"https:\/\/greendoors.cl\/index.php\/wp-json\/wp\/v2\/media?parent=792"}],"curies":[{"name":"wp","href":"https:\/\/api.w.org\/{rel}","templated":true}]}}