{"id":113,"date":"2016-05-23T14:50:17","date_gmt":"2016-05-23T14:50:17","guid":{"rendered":"http:\/\/greendoors.cl\/?post_type=product&#038;p=113"},"modified":"2019-02-19T14:36:08","modified_gmt":"2019-02-19T14:36:08","slug":"terciado-medio-cuerpo-con-celosia","status":"publish","type":"product","link":"http:\/\/greendoors.cl\/index.php\/product\/terciado-medio-cuerpo-con-celosia\/","title":{"rendered":"Puerta Terciado Maihue con celos\u00eda"},"content":{"rendered":"<p>Caracter\u00edsticas T\u00e9cnicas: Batientes de Pino Radiata.<br \/>\nCaras de Terciado<br \/>\nUso: Especial Para Accesos de Interior<br \/>\nOrigen: Terciado<\/p>\n","protected":false},"excerpt":{"rendered":"<table width=\"232\">\n<tbody>\n<tr>\n<td width=\"80\">Alto<\/td>\n<td width=\"72\">Ancho<\/td>\n<td width=\"80\">Espesor<\/td>\n<\/tr>\n<tr>\n<td>200<\/td>\n<td>60<\/td>\n<td>45 mm<\/td>\n<\/tr>\n<tr>\n<td>200<\/td>\n<td>65<\/td>\n<td>45 mm<\/td>\n<\/tr>\n<tr>\n<td>200<\/td>\n<td>70<\/td>\n<td>45 mm<\/td>\n<\/tr>\n<tr>\n<td>200<\/td>\n<td>75<\/td>\n<td>45 mm<\/td>\n<\/tr>\n<tr>\n<td>200<\/td>\n<td>80<\/td>\n<td>45 mm<\/td>\n<\/tr>\n<tr>\n<td>200<\/td>\n<td>85<\/td>\n<td>45 mm<\/td>\n<\/tr>\n<tr>\n<td>200<\/td>\n<td>90<\/td>\n<td>45 mm<\/td>\n<\/tr>\n<\/tbody>\n<\/table>\n","protected":false},"featured_media":309,"comment_status":"closed","ping_status":"closed","template":"","meta":[],"product_brand":[],"product_cat":[11,8],"product_tag":[18,49],"class_list":{"0":"post-113","1":"product","2":"type-product","3":"status-publish","4":"has-post-thumbnail","6":"product_cat-puertas","7":"product_cat-terciado","8":"product_tag-enchapada","9":"product_tag-puertas","11":"first","12":"instock","13":"shipping-taxable","14":"product-type-simple"},"_links":{"self":[{"href":"http:\/\/greendoors.cl\/index.php\/wp-json\/wp\/v2\/product\/113","targetHints":{"allow":["GET"]}}],"collection":[{"href":"http:\/\/greendoors.cl\/index.php\/wp-json\/wp\/v2\/product"}],"about":[{"href":"http:\/\/greendoors.cl\/index.php\/wp-json\/wp\/v2\/types\/product"}],"replies":[{"embeddable":true,"href":"http:\/\/greendoors.cl\/index.php\/wp-json\/wp\/v2\/comments?post=113"}],"wp:featuredmedia":[{"embeddable":true,"href":"http:\/\/greendoors.cl\/index.php\/wp-json\/wp\/v2\/media\/309"}],"wp:attachment":[{"href":"http:\/\/greendoors.cl\/index.php\/wp-json\/wp\/v2\/media?parent=113"}],"wp:term":[{"taxonomy":"product_brand","embeddable":true,"href":"http:\/\/greendoors.cl\/index.php\/wp-json\/wp\/v2\/product_brand?post=113"},{"taxonomy":"product_cat","embeddable":true,"href":"http:\/\/greendoors.cl\/index.php\/wp-json\/wp\/v2\/product_cat?post=113"},{"taxonomy":"product_tag","embeddable":true,"href":"http:\/\/greendoors.cl\/index.php\/wp-json\/wp\/v2\/product_tag?post=113"}],"curies":[{"name":"wp","href":"https:\/\/api.w.org\/{rel}","templated":true}]}}